{"id":14902,"date":"2025-09-29T19:16:51","date_gmt":"2025-09-29T17:16:51","guid":{"rendered":"https:\/\/penzionkamzik.sk\/wellness\/"},"modified":"2025-09-30T12:34:00","modified_gmt":"2025-09-30T10:34:00","slug":"wellness","status":"publish","type":"page","link":"https:\/\/penzionkamzik.sk\/pl\/wellness\/","title":{"rendered":"Wellness"},"content":{"rendered":"[spb_row element_name=&#8221;Row&#8221; wrap_type=&#8221;full-width-contained&#8221; row_bg_type=&#8221;video&#8221; color_row_height=&#8221;content-height&#8221; bg_type=&#8221;cover&#8221; parallax_image_height=&#8221;content-height&#8221; parallax_image_movement=&#8221;fixed&#8221; parallax_image_speed=&#8221;standard&#8221; bg_video_mp4=&#8221;https:\/\/penzionkamzik.sk\/wp-content\/uploads\/2024\/01\/Welness.mp4&#8243; bg_video_loop=&#8221;yes&#8221; parallax_video_height=&#8221;window-height&#8221; row_id=&#8221;top-banner&#8221; row_top_style=&#8221;none&#8221; row_bottom_style=&#8221;none&#8221; parallax_video_overlay=&#8221;none&#8221; row_overlay_opacity=&#8221;0&#8243; remove_element_spacing=&#8221;no&#8221; row_col_spacing=&#8221;0&#8243; row_col_pos=&#8221;center&#8221; row_col_content_pos=&#8221;center&#8221; row_col_equal_heights=&#8221;no&#8221; row_expanding=&#8221;no&#8221; row_animation=&#8221;none&#8221; row_animation_delay=&#8221;0&#8243; minimize_row=&#8221;no&#8221; simplified_controls=&#8221;yes&#8221; custom_css_percentage=&#8221;no&#8221; custom_css=&#8221;margin-top: 0px;margin-bottom: 0px;&#8221; border_styling_global=&#8221;default&#8221; el_class=&#8221;px-page-heading&#8221; width=&#8221;1\/1&#8243; el_position=&#8221;first last&#8221;] [spb_text_block animation=&#8221;none&#8221; animation_delay=&#8221;0&#8243; simplified_controls=&#8221;yes&#8221; custom_css_percentage=&#8221;no&#8221; padding_vertical=&#8221;0&#8243; padding_horizontal=&#8221;0&#8243; margin_vertical=&#8221;0&#8243; custom_css=&#8221;margin-top: 0px;margin-bottom: 0px;&#8221; border_size=&#8221;0&#8243; border_styling_global=&#8221;default&#8221; width=&#8221;1\/1&#8243; el_position=&#8221;first last&#8221;]\n<h2 class=\"px-title\">WELLNESS<\/h2>\n<p>\n[\/spb_text_block] [\/spb_row] [spb_section spb_section_id=&#8221;14761&#8243; width=&#8221;1\/1&#8243; el_position=&#8221;first last&#8221;] [spb_row element_name=&#8221;Row&#8221; wrap_type=&#8221;full-width-stretch&#8221; row_bg_type=&#8221;color&#8221; row_bg_color=&#8221;#ffffff&#8221; color_row_height=&#8221;content-height&#8221; bg_type=&#8221;cover&#8221; parallax_image_height=&#8221;content-height&#8221; parallax_image_movement=&#8221;fixed&#8221; parallax_image_speed=&#8221;standard&#8221; bg_video_loop=&#8221;yes&#8221; parallax_video_height=&#8221;window-height&#8221; row_id=&#8221;o-nas&#8221; row_top_style=&#8221;none&#8221; row_bottom_style=&#8221;none&#8221; parallax_video_overlay=&#8221;none&#8221; row_overlay_opacity=&#8221;0&#8243; remove_element_spacing=&#8221;yes&#8221; row_col_spacing=&#8221;0&#8243; row_col_pos=&#8221;center&#8221; row_col_content_pos=&#8221;center&#8221; row_col_equal_heights=&#8221;yes&#8221; row_expanding=&#8221;no&#8221; row_animation=&#8221;none&#8221; row_animation_delay=&#8221;0&#8243; minimize_row=&#8221;no&#8221; simplified_controls=&#8221;yes&#8221; custom_css_percentage=&#8221;no&#8221; custom_css=&#8221;margin-top: 0px;margin-bottom: 0px;&#8221; border_styling_global=&#8221;default&#8221; width=&#8221;1\/1&#8243; el_position=&#8221;first last&#8221;] [spb_blank_spacer height=&#8221;20px&#8221; responsive_vis=&#8221;hidden-xs&#8221; width=&#8221;1\/1&#8243; el_position=&#8221;first last&#8221;] [spb_blank_spacer height=&#8221;30px&#8221; responsive_vis=&#8221;hidden-lg_hidden-md_hidden-sm&#8221; width=&#8221;1\/1&#8243; el_position=&#8221;first last&#8221;] [spb_column col_animation=&#8221;none&#8221; col_animation_delay=&#8221;0&#8243; col_responsive_vis=&#8221;hidden-xs&#8221; col_bg_type=&#8221;cover&#8221; col_parallax_image_movement=&#8221;scroll&#8221; col_parallax_image_speed=&#8221;0.5&#8243; col_padding=&#8221;0&#8243; col_vertical_offset=&#8221;0&#8243; col_horizontal_offset=&#8221;0&#8243; col_custom_zindex=&#8221;0&#8243; col_sm=&#8221;6&#8243; simplified_controls=&#8221;yes&#8221; custom_css_percentage=&#8221;no&#8221; padding_vertical=&#8221;400&#8243; padding_horizontal=&#8221;0&#8243; margin_vertical=&#8221;0&#8243; custom_css=&#8221;margin-top: 0px;margin-bottom: 0px;&#8221; border_styling_global=&#8221;default&#8221; width=&#8221;1\/2&#8243; el_position=&#8221;first&#8221;] [spb_image image=&#8221;13162&#8243; image_size=&#8221;full&#8221; frame=&#8221;noframe&#8221; caption_pos=&#8221;hover&#8221; remove_rounded=&#8221;yes&#8221; fullwidth=&#8221;no&#8221; overflow_mode=&#8221;none&#8221; link_target=&#8221;_self&#8221; lightbox=&#8221;no&#8221; intro_animation=&#8221;none&#8221; animation_delay=&#8221;200&#8243; width=&#8221;1\/1&#8243; el_position=&#8221;first last&#8221;][\/spb_image] [\/spb_column] [spb_column col_sm=&#8221;6&#8243; padding_horizontal=&#8221;0&#8243; width=&#8221;1\/2&#8243; el_position=&#8221;last&#8221;] [spb_boxed_content type=&#8221;coloured&#8221; box_link_target=&#8221;_self&#8221; padding_vertical=&#8221;0&#8243; padding_horizontal=&#8221;7&#8243; width=&#8221;1\/1&#8243; el_position=&#8221;first last&#8221;]\n<h3 style=\"color: #666666;\">Resort Kamz\u00edk \u2013 Idealne miejsce na relaks w Tatrach Bielskich<\/h3>\n<p><strong><span style=\"color: #d8b36c;\">Oaz\u0105 spokoju i odpoczynku, opr\u00f3cz otaczaj\u0105cej przyrody, jest tak\u017ce nowoczesne wellness w naszym Wellness Resort Kamz\u00edk w Zdiarze.<\/span><\/strong><\/p>\n<p>Znajduje si\u0119 tu basen z hydromasa\u017cem o przyjemnej temperaturze 32-35 \u00b0C, basen ch\u0142odz\u0105cy, sauna fi\u0144ska i sauna parowa. Po intensywnym dniu mo\u017cesz nieograniczenie cieszy\u0107 si\u0119 chwilami s\u0142odkiego lenistwa, po kt\u00f3rych poczujesz si\u0119 jak nowonarodzony. Dok\u0142adamy stara\u0144, aby stworzy\u0107 dla Ciebie idealne \u015brodowisko do relaksu i regeneracji.<\/p>\n<p>&nbsp;<\/p>\n<a class=\"sf-button standard accent default  sf-button-rounded sf-button-has-icon\" href=\"https:\/\/penzionkamzik.sk\/pobyty-a-ceny\/\" target=\"_self\" rel=\"\"><span class=\"text\">Chcem sa ubytova\u0165<\/span><i class=\"fas fa-arrow-alt-circle-right\"><\/i><\/a>\n[\/spb_boxed_content] [spb_blank_spacer height=&#8221;30px&#8221; responsive_vis=&#8221;hidden-lg_hidden-md_hidden-sm&#8221; width=&#8221;1\/1&#8243; el_position=&#8221;first last&#8221;] [\/spb_column] [spb_blank_spacer height=&#8221;100px&#8221; responsive_vis=&#8221;hidden-xs&#8221; width=&#8221;1\/1&#8243; el_position=&#8221;first last&#8221;] [\/spb_row] [spb_row element_name=&#8221;Row&#8221; wrap_type=&#8221;full-width-stretch&#8221; row_bg_type=&#8221;image&#8221; color_row_height=&#8221;content-height&#8221; bg_type=&#8221;cover&#8221; parallax_image_height=&#8221;content-height&#8221; parallax_image_movement=&#8221;fixed&#8221; parallax_image_speed=&#8221;standard&#8221; bg_video_loop=&#8221;yes&#8221; parallax_video_height=&#8221;window-height&#8221; row_responsive_vis=&#8221;hidden-xs&#8221; row_id=&#8221;noclegi&#8221; row_top_style=&#8221;none&#8221; row_bottom_style=&#8221;none&#8221; parallax_video_overlay=&#8221;none&#8221; row_overlay_opacity=&#8221;0&#8243; remove_element_spacing=&#8221;no&#8221; row_col_spacing=&#8221;0&#8243; row_col_pos=&#8221;default&#8221; row_col_equal_heights=&#8221;no&#8221; row_expanding=&#8221;no&#8221; row_animation=&#8221;none&#8221; row_animation_delay=&#8221;0&#8243; minimize_row=&#8221;yes&#8221; simplified_controls=&#8221;yes&#8221; custom_css_percentage=&#8221;no&#8221; custom_css=&#8221;margin-top: 0px;margin-bottom: 0px;&#8221; border_styling_global=&#8221;default&#8221; width=&#8221;1\/1&#8243; el_position=&#8221;first last&#8221;] [spb_image image=&#8221;325&#8243; image_size=&#8221;full&#8221; frame=&#8221;noframe&#8221; caption_pos=&#8221;hover&#8221; remove_rounded=&#8221;yes&#8221; fullwidth=&#8221;no&#8221; overflow_mode=&#8221;none&#8221; link_target=&#8221;_self&#8221; lightbox=&#8221;no&#8221; intro_animation=&#8221;none&#8221; animation_delay=&#8221;200&#8243; width=&#8221;1\/1&#8243; el_position=&#8221;first last&#8221;][\/spb_image] [\/spb_row] [spb_row element_name=&#8221;Row&#8221; wrap_type=&#8221;full-width-stretch&#8221; row_bg_type=&#8221;color&#8221; row_bg_color=&#8221;#fff3da&#8221; color_row_height=&#8221;content-height&#8221; bg_type=&#8221;cover&#8221; parallax_image_height=&#8221;content-height&#8221; parallax_image_movement=&#8221;fixed&#8221; parallax_image_speed=&#8221;standard&#8221; bg_video_loop=&#8221;yes&#8221; parallax_video_height=&#8221;window-height&#8221; row_id=&#8221;o-nas&#8221; row_top_style=&#8221;none&#8221; row_bottom_style=&#8221;none&#8221; parallax_video_overlay=&#8221;none&#8221; row_overlay_opacity=&#8221;0&#8243; remove_element_spacing=&#8221;yes&#8221; row_col_spacing=&#8221;0&#8243; row_col_pos=&#8221;center&#8221; row_col_content_pos=&#8221;center&#8221; row_col_equal_heights=&#8221;yes&#8221; row_expanding=&#8221;no&#8221; row_animation=&#8221;none&#8221; row_animation_delay=&#8221;0&#8243; minimize_row=&#8221;no&#8221; simplified_controls=&#8221;yes&#8221; custom_css_percentage=&#8221;no&#8221; custom_css=&#8221;margin-top: 0px;margin-bottom: 0px;&#8221; border_styling_global=&#8221;default&#8221; width=&#8221;1\/1&#8243; el_position=&#8221;first last&#8221;] [spb_blank_spacer height=&#8221;100px&#8221; responsive_vis=&#8221;hidden-xs&#8221; width=&#8221;1\/1&#8243; el_position=&#8221;first last&#8221;] [spb_blank_spacer height=&#8221;30px&#8221; responsive_vis=&#8221;hidden-lg_hidden-md_hidden-sm&#8221; width=&#8221;1\/1&#8243; el_position=&#8221;first last&#8221;] [spb_column col_sm=&#8221;6&#8243; padding_horizontal=&#8221;0&#8243; width=&#8221;1\/2&#8243; el_position=&#8221;first&#8221;] [spb_boxed_content type=&#8221;coloured&#8221; box_link_target=&#8221;_self&#8221; padding_vertical=&#8221;0&#8243; padding_horizontal=&#8221;7&#8243; width=&#8221;1\/1&#8243; el_position=&#8221;first last&#8221;]\n<h3 style=\"color: #666666;\">Wellness &amp; SPA<\/h3>\n<p><strong><span style=\"color: #d8b36c;\">Przyjed\u017a i naciesz si\u0119 wellness, kt\u00f3re pomo\u017ce Ci w nabraniu nowej energii, pozbyciu si\u0119 stresu i przywr\u00f3ceniu harmonii cia\u0142a i ducha! Zarezerwuj nocleg w naszym Wellness Resort Kamzik*** w Zdiarze i ciesz si\u0119 wyj\u0105tkowym relaksem.<\/span><\/strong><\/p>\n<p>Zatrzymaj si\u0119 na chwil\u0119 i pozw\u00f3l sobie na odpoczynek oraz regeneracj\u0119. Fi\u0144ska sauna i sauna parowa wspomagaj\u0105 detoksykacj\u0119 organizmu i wzmacniaj\u0105 uk\u0142ad odporno\u015bciowy. Saunowanie poprawia tak\u017ce kr\u0105\u017cenie krwi i elastyczno\u015b\u0107 sk\u00f3ry, co pozytywnie wp\u0142ywa na og\u00f3lne zdrowie.<\/p>\n<p>Basen z masa\u017cami oferuje zabieg pe\u0142nej regeneracji i relaksu, korzystaj\u0105c z masa\u017cu powietrznego, dysz do hydromasa\u017cu oraz pere\u0142ek wodnych, kt\u00f3re pomagaj\u0105 rozlu\u017ani\u0107 cia\u0142o i poprawi\u0107 samopoczucie.<\/p>\n<p>Zobacz nasze Pakiety Wellness: Wellness dla Par.<\/p>\n<p>&nbsp;<\/p>\n<a class=\"sf-button standard accent default  sf-button-rounded sf-button-has-icon\" href=\"https:\/\/penzionkamzik.sk\/pobyty-a-ceny\/\" target=\"_self\" rel=\"\"><span class=\"text\">Chcem sa ubytova\u0165<\/span><i class=\"fas fa-arrow-alt-circle-right\"><\/i><\/a>\n[\/spb_boxed_content] [spb_blank_spacer height=&#8221;30px&#8221; responsive_vis=&#8221;hidden-lg_hidden-md_hidden-sm&#8221; width=&#8221;1\/1&#8243; el_position=&#8221;first last&#8221;] [\/spb_column] [spb_column col_animation=&#8221;none&#8221; col_animation_delay=&#8221;0&#8243; col_responsive_vis=&#8221;hidden-xs&#8221; col_bg_type=&#8221;cover&#8221; col_parallax_image_movement=&#8221;scroll&#8221; col_parallax_image_speed=&#8221;0.5&#8243; col_padding=&#8221;0&#8243; col_vertical_offset=&#8221;0&#8243; col_horizontal_offset=&#8221;0&#8243; col_custom_zindex=&#8221;0&#8243; col_sm=&#8221;6&#8243; simplified_controls=&#8221;yes&#8221; custom_css_percentage=&#8221;no&#8221; padding_vertical=&#8221;400&#8243; padding_horizontal=&#8221;0&#8243; margin_vertical=&#8221;0&#8243; custom_css=&#8221;margin-top: 0px;margin-bottom: 0px;&#8221; border_styling_global=&#8221;default&#8221; width=&#8221;1\/2&#8243; el_position=&#8221;last&#8221;] [spb_image image=&#8221;13077&#8243; image_size=&#8221;full&#8221; frame=&#8221;noframe&#8221; caption_pos=&#8221;hover&#8221; remove_rounded=&#8221;yes&#8221; fullwidth=&#8221;no&#8221; overflow_mode=&#8221;none&#8221; link_target=&#8221;_self&#8221; lightbox=&#8221;no&#8221; intro_animation=&#8221;none&#8221; animation_delay=&#8221;200&#8243; width=&#8221;1\/1&#8243; el_position=&#8221;first last&#8221;][\/spb_image] [\/spb_column] [spb_blank_spacer height=&#8221;100px&#8221; responsive_vis=&#8221;hidden-xs&#8221; width=&#8221;1\/1&#8243; el_position=&#8221;first last&#8221;] [\/spb_row] [spb_gallery gallery_id=&#8221;12727&#8243; display_type=&#8221;masonry&#8221; columns=&#8221;5&#8243; fullwidth=&#8221;yes&#8221; gutters=&#8221;no&#8221; image_size=&#8221;medium&#8221; slider_transition=&#8221;slide&#8221; show_thumbs=&#8221;yes&#8221; autoplay=&#8221;yes&#8221; show_captions=&#8221;no&#8221; enable_lightbox=&#8221;yes&#8221; width=&#8221;1\/1&#8243; el_position=&#8221;first last&#8221;] [spb_section spb_section_id=&#8221;14045&#8243; width=&#8221;1\/1&#8243; el_position=&#8221;first last&#8221;] [spb_row element_name=&#8221;Row&#8221; wrap_type=&#8221;full-width-stretch&#8221; row_bg_type=&#8221;image&#8221; color_row_height=&#8221;content-height&#8221; bg_type=&#8221;cover&#8221; parallax_image_height=&#8221;content-height&#8221; parallax_image_movement=&#8221;fixed&#8221; parallax_image_speed=&#8221;standard&#8221; bg_video_loop=&#8221;yes&#8221; parallax_video_height=&#8221;window-height&#8221; row_responsive_vis=&#8221;hidden-xs&#8221; row_id=&#8221;noclegi&#8221; row_top_style=&#8221;none&#8221; row_bottom_style=&#8221;none&#8221; parallax_video_overlay=&#8221;none&#8221; row_overlay_opacity=&#8221;0&#8243; remove_element_spacing=&#8221;no&#8221; row_col_spacing=&#8221;0&#8243; row_col_pos=&#8221;default&#8221; row_col_equal_heights=&#8221;no&#8221; row_expanding=&#8221;no&#8221; row_animation=&#8221;none&#8221; row_animation_delay=&#8221;0&#8243; minimize_row=&#8221;yes&#8221; simplified_controls=&#8221;yes&#8221; custom_css_percentage=&#8221;no&#8221; custom_css=&#8221;margin-top: 0px;margin-bottom: 0px;&#8221; border_styling_global=&#8221;default&#8221; width=&#8221;1\/1&#8243; el_position=&#8221;first last&#8221;] [spb_image image=&#8221;325&#8243; image_size=&#8221;full&#8221; frame=&#8221;noframe&#8221; caption_pos=&#8221;hover&#8221; remove_rounded=&#8221;yes&#8221; fullwidth=&#8221;no&#8221; overflow_mode=&#8221;none&#8221; link_target=&#8221;_self&#8221; lightbox=&#8221;no&#8221; intro_animation=&#8221;none&#8221; animation_delay=&#8221;200&#8243; width=&#8221;1\/1&#8243; el_position=&#8221;first last&#8221;][\/spb_image] [\/spb_row] [spb_section spb_section_id=&#8221;11930&#8243; width=&#8221;1\/1&#8243; el_position=&#8221;first last&#8221;] [spb_section spb_section_id=&#8221;11934&#8243; width=&#8221;1\/1&#8243; el_position=&#8221;first last&#8221;]\n","protected":false},"excerpt":{"rendered":"<p>[spb_row element_name=&#8221;Row&#8221; wrap_type=&#8221;full-width-contained&#8221; row_bg_type=&#8221;video&#8221; color_row_height=&#8221;content-height&#8221; bg_type=&#8221;cover&#8221; parallax_image_height=&#8221;content-height&#8221; parallax_image_movement=&#8221;fixed&#8221; parallax_image_speed=&#8221;standard&#8221; bg_video_mp4=&#8221;https:\/\/penzionkamzik.sk\/wp-content\/uploads\/2024\/01\/Welness.mp4&#8243; bg_video_loop=&#8221;yes&#8221; parallax_video_height=&#8221;window-height&#8221; row_id=&#8221;top-banner&#8221; row_top_style=&#8221;none&#8221; row_bottom_style=&#8221;none&#8221; parallax_video_overlay=&#8221;none&#8221; row_overlay_opacity=&#8221;0&#8243; remove_element_spacing=&#8221;no&#8221; row_col_spacing=&#8221;0&#8243; row_col_pos=&#8221;center&#8221; row_col_content_pos=&#8221;center&#8221; row_col_equal_heights=&#8221;no&#8221; row_expanding=&#8221;no&#8221; row_animation=&#8221;none&#8221; row_animation_delay=&#8221;0&#8243; minimize_row=&#8221;no&#8221; simplified_controls=&#8221;yes&#8221; custom_css_percentage=&#8221;no&#8221; custom_css=&#8221;margin-top: 0px;margin-bottom: 0px;&#8221; border_styling_global=&#8221;default&#8221; el_class=&#8221;px-page-heading&#8221; width=&#8221;1\/1&#8243; el_position=&#8221;first last&#8221;] [spb_text_block animation=&#8221;none&#8221; animation_delay=&#8221;0&#8243; simplified_controls=&#8221;yes&#8221; custom_css_percentage=&#8221;no&#8221; padding_vertical=&#8221;0&#8243; padding_horizontal=&#8221;0&#8243; margin_vertical=&#8221;0&#8243; custom_css=&#8221;margin-top: 0px;margin-bottom: 0px;&#8221; border_size=&#8221;0&#8243; border_styling_global=&#8221;default&#8221; width=&#8221;1\/1&#8243; el_position=&#8221;first last&#8221;] WELLNESS [\/spb_text_block] [\/spb_row] [spb_section spb_section_id=&#8221;14761&#8243; width=&#8221;1\/1&#8243; el_position=&#8221;first last&#8221;] [&hellip;]<\/p>\n","protected":false},"author":9,"featured_media":0,"parent":0,"menu_order":0,"comment_status":"closed","ping_status":"closed","template":"","meta":[],"yoast_head":"<!-- This site is optimized with the Yoast SEO plugin v20.6 - https:\/\/yoast.com\/wordpress\/plugins\/seo\/ -->\n<title>Wellness Kamz\u00edk Resort \u017ddiar | Relaks i Wellness w Tatrach<\/title>\n<meta name=\"description\" content=\"Gdzie na Wellness w Tatrach? Odkryj Wellness Kamz\u00edk Resort \u017ddiar! Basen z Hydromasa\u017cem, Sauny i Strefa Relaksu by doskonale odpocz\u0105\u0107.\" \/>\n<meta name=\"robots\" content=\"index, follow, max-snippet:-1, max-image-preview:large, max-video-preview:-1\" \/>\n<link rel=\"canonical\" href=\"https:\/\/penzionkamzik.sk\/pl\/wellness\/\" \/>\n<meta property=\"og:locale\" content=\"pl_PL\" \/>\n<meta property=\"og:type\" content=\"article\" \/>\n<meta property=\"og:title\" content=\"Wellness Kamz\u00edk Resort \u017ddiar | Relaks i Wellness w Tatrach\" \/>\n<meta property=\"og:description\" content=\"Gdzie na Wellness w Tatrach? Odkryj Wellness Kamz\u00edk Resort \u017ddiar! Basen z Hydromasa\u017cem, Sauny i Strefa Relaksu by doskonale odpocz\u0105\u0107.\" \/>\n<meta property=\"og:url\" content=\"https:\/\/penzionkamzik.sk\/pl\/wellness\/\" \/>\n<meta property=\"og:site_name\" content=\"Penzi\u00f3n Kamz\u00edk\" \/>\n<meta property=\"article:modified_time\" content=\"2025-09-30T10:34:00+00:00\" \/>\n<meta name=\"twitter:card\" content=\"summary_large_image\" \/>\n<meta name=\"twitter:label1\" content=\"Szacowany czas czytania\" \/>\n\t<meta name=\"twitter:data1\" content=\"7 minut\" \/>\n<script type=\"application\/ld+json\" class=\"yoast-schema-graph\">{\"@context\":\"https:\/\/schema.org\",\"@graph\":[{\"@type\":\"WebPage\",\"@id\":\"https:\/\/penzionkamzik.sk\/pl\/wellness\/\",\"url\":\"https:\/\/penzionkamzik.sk\/pl\/wellness\/\",\"name\":\"Wellness Kamz\u00edk Resort \u017ddiar | Relaks i Wellness w Tatrach\",\"isPartOf\":{\"@id\":\"https:\/\/penzionkamzik.sk\/#website\"},\"datePublished\":\"2025-09-29T17:16:51+00:00\",\"dateModified\":\"2025-09-30T10:34:00+00:00\",\"description\":\"Gdzie na Wellness w Tatrach? Odkryj Wellness Kamz\u00edk Resort \u017ddiar! Basen z Hydromasa\u017cem, Sauny i Strefa Relaksu by doskonale odpocz\u0105\u0107.\",\"breadcrumb\":{\"@id\":\"https:\/\/penzionkamzik.sk\/pl\/wellness\/#breadcrumb\"},\"inLanguage\":\"pl-PL\",\"potentialAction\":[{\"@type\":\"ReadAction\",\"target\":[\"https:\/\/penzionkamzik.sk\/pl\/wellness\/\"]}]},{\"@type\":\"BreadcrumbList\",\"@id\":\"https:\/\/penzionkamzik.sk\/pl\/wellness\/#breadcrumb\",\"itemListElement\":[{\"@type\":\"ListItem\",\"position\":1,\"name\":\"Home\",\"item\":\"https:\/\/penzionkamzik.sk\/pl\/\"},{\"@type\":\"ListItem\",\"position\":2,\"name\":\"Wellness\"}]},{\"@type\":\"WebSite\",\"@id\":\"https:\/\/penzionkamzik.sk\/#website\",\"url\":\"https:\/\/penzionkamzik.sk\/\",\"name\":\"Penzi\u00f3n Kamz\u00edk\",\"description\":\"Beliansk\u00e9 Tatry\",\"publisher\":{\"@id\":\"https:\/\/penzionkamzik.sk\/#organization\"},\"potentialAction\":[{\"@type\":\"SearchAction\",\"target\":{\"@type\":\"EntryPoint\",\"urlTemplate\":\"https:\/\/penzionkamzik.sk\/?s={search_term_string}\"},\"query-input\":\"required name=search_term_string\"}],\"inLanguage\":\"pl-PL\"},{\"@type\":\"Organization\",\"@id\":\"https:\/\/penzionkamzik.sk\/#organization\",\"name\":\"Penzi\u00f3n Kamz\u00edk \u017ddiar\",\"url\":\"https:\/\/penzionkamzik.sk\/\",\"logo\":{\"@type\":\"ImageObject\",\"inLanguage\":\"pl-PL\",\"@id\":\"https:\/\/penzionkamzik.sk\/#\/schema\/logo\/image\/\",\"url\":\"https:\/\/penzionkamzik.sk\/wp-content\/uploads\/2017\/03\/kamzik_logo.png\",\"contentUrl\":\"https:\/\/penzionkamzik.sk\/wp-content\/uploads\/2017\/03\/kamzik_logo.png\",\"width\":200,\"height\":200,\"caption\":\"Penzi\u00f3n Kamz\u00edk \u017ddiar\"},\"image\":{\"@id\":\"https:\/\/penzionkamzik.sk\/#\/schema\/logo\/image\/\"}}]}<\/script>\n<!-- \/ Yoast SEO plugin. -->","yoast_head_json":{"title":"Wellness Kamz\u00edk Resort \u017ddiar | Relaks i Wellness w Tatrach","description":"Gdzie na Wellness w Tatrach? Odkryj Wellness Kamz\u00edk Resort \u017ddiar! Basen z Hydromasa\u017cem, Sauny i Strefa Relaksu by doskonale odpocz\u0105\u0107.","robots":{"index":"index","follow":"follow","max-snippet":"max-snippet:-1","max-image-preview":"max-image-preview:large","max-video-preview":"max-video-preview:-1"},"canonical":"https:\/\/penzionkamzik.sk\/pl\/wellness\/","og_locale":"pl_PL","og_type":"article","og_title":"Wellness Kamz\u00edk Resort \u017ddiar | Relaks i Wellness w Tatrach","og_description":"Gdzie na Wellness w Tatrach? Odkryj Wellness Kamz\u00edk Resort \u017ddiar! Basen z Hydromasa\u017cem, Sauny i Strefa Relaksu by doskonale odpocz\u0105\u0107.","og_url":"https:\/\/penzionkamzik.sk\/pl\/wellness\/","og_site_name":"Penzi\u00f3n Kamz\u00edk","article_modified_time":"2025-09-30T10:34:00+00:00","twitter_card":"summary_large_image","twitter_misc":{"Szacowany czas czytania":"7 minut"},"schema":{"@context":"https:\/\/schema.org","@graph":[{"@type":"WebPage","@id":"https:\/\/penzionkamzik.sk\/pl\/wellness\/","url":"https:\/\/penzionkamzik.sk\/pl\/wellness\/","name":"Wellness Kamz\u00edk Resort \u017ddiar | Relaks i Wellness w Tatrach","isPartOf":{"@id":"https:\/\/penzionkamzik.sk\/#website"},"datePublished":"2025-09-29T17:16:51+00:00","dateModified":"2025-09-30T10:34:00+00:00","description":"Gdzie na Wellness w Tatrach? Odkryj Wellness Kamz\u00edk Resort \u017ddiar! Basen z Hydromasa\u017cem, Sauny i Strefa Relaksu by doskonale odpocz\u0105\u0107.","breadcrumb":{"@id":"https:\/\/penzionkamzik.sk\/pl\/wellness\/#breadcrumb"},"inLanguage":"pl-PL","potentialAction":[{"@type":"ReadAction","target":["https:\/\/penzionkamzik.sk\/pl\/wellness\/"]}]},{"@type":"BreadcrumbList","@id":"https:\/\/penzionkamzik.sk\/pl\/wellness\/#breadcrumb","itemListElement":[{"@type":"ListItem","position":1,"name":"Home","item":"https:\/\/penzionkamzik.sk\/pl\/"},{"@type":"ListItem","position":2,"name":"Wellness"}]},{"@type":"WebSite","@id":"https:\/\/penzionkamzik.sk\/#website","url":"https:\/\/penzionkamzik.sk\/","name":"Penzi\u00f3n Kamz\u00edk","description":"Beliansk\u00e9 Tatry","publisher":{"@id":"https:\/\/penzionkamzik.sk\/#organization"},"potentialAction":[{"@type":"SearchAction","target":{"@type":"EntryPoint","urlTemplate":"https:\/\/penzionkamzik.sk\/?s={search_term_string}"},"query-input":"required name=search_term_string"}],"inLanguage":"pl-PL"},{"@type":"Organization","@id":"https:\/\/penzionkamzik.sk\/#organization","name":"Penzi\u00f3n Kamz\u00edk \u017ddiar","url":"https:\/\/penzionkamzik.sk\/","logo":{"@type":"ImageObject","inLanguage":"pl-PL","@id":"https:\/\/penzionkamzik.sk\/#\/schema\/logo\/image\/","url":"https:\/\/penzionkamzik.sk\/wp-content\/uploads\/2017\/03\/kamzik_logo.png","contentUrl":"https:\/\/penzionkamzik.sk\/wp-content\/uploads\/2017\/03\/kamzik_logo.png","width":200,"height":200,"caption":"Penzi\u00f3n Kamz\u00edk \u017ddiar"},"image":{"@id":"https:\/\/penzionkamzik.sk\/#\/schema\/logo\/image\/"}}]}},"_links":{"self":[{"href":"https:\/\/penzionkamzik.sk\/pl\/wp-json\/wp\/v2\/pages\/14902"}],"collection":[{"href":"https:\/\/penzionkamzik.sk\/pl\/wp-json\/wp\/v2\/pages"}],"about":[{"href":"https:\/\/penzionkamzik.sk\/pl\/wp-json\/wp\/v2\/types\/page"}],"author":[{"embeddable":true,"href":"https:\/\/penzionkamzik.sk\/pl\/wp-json\/wp\/v2\/users\/9"}],"replies":[{"embeddable":true,"href":"https:\/\/penzionkamzik.sk\/pl\/wp-json\/wp\/v2\/comments?post=14902"}],"version-history":[{"count":5,"href":"https:\/\/penzionkamzik.sk\/pl\/wp-json\/wp\/v2\/pages\/14902\/revisions"}],"predecessor-version":[{"id":14907,"href":"https:\/\/penzionkamzik.sk\/pl\/wp-json\/wp\/v2\/pages\/14902\/revisions\/14907"}],"wp:attachment":[{"href":"https:\/\/penzionkamzik.sk\/pl\/wp-json\/wp\/v2\/media?parent=14902"}],"curies":[{"name":"wp","href":"https:\/\/api.w.org\/{rel}","templated":true}]}}